{"id":5759,"date":"2014-03-06T11:37:55","date_gmt":"2014-03-06T10:37:55","guid":{"rendered":"http:\/\/iale-elians.com\/en\/?page_id=5759"},"modified":"2014-03-06T11:37:55","modified_gmt":"2014-03-06T10:37:55","slug":"solidarity-iale","status":"publish","type":"page","link":"https:\/\/www.ialeschool.com\/en\/iale-educational-project\/solidarity-iale\/","title":{"rendered":"Solidarity at Iale School"},"content":{"rendered":"<p><a href=\"https:\/\/iale-elians.com\/wp-content\/uploads\/colegio-iale-fundacion-vicente-ferrer.jpg\"><img fetchpriority=\"high\" decoding=\"async\" class=\"alignnone size-full wp-image-3123\" src=\"https:\/\/iale-elians.com\/wp-content\/uploads\/colegio-iale-fundacion-vicente-ferrer.jpg\" alt=\"colegio-iale-fundacion-vicente-ferrer\" width=\"700\" height=\"417\" \/><\/a><\/p>\n<p>Iale annually conducts the <strong>SOLIDARITY CAMPAIGN <\/strong>in which, through various activities, funds are raised to assist our Community Charitable Associations and NGOs that help the poor. During the last school years, our cooperation has been with the following Organizations: La Casa Grande de Valencia, Espurna, Casa de la Caridad de Valencia, Residencia de Ancianos de Requena, C\u00e1ritas de la Eliana, Arca de No\u00e9 and FUNDAR (Fundaci\u00f3n de la Solidaridad y el Voluntariado de la Comunidad Valenciana).<\/p>\n<p>This fundraising is made possible thanks to the involvement of students and the Educational Community in organizing events such as the following:<\/p>\n<h4>\u00a0<strong>Helping Others Day <\/p>\n<hr \/>\n<p><\/strong><\/h4>\n<p>Held before the Christmas holidays. Students prepare workshops, stalls and shops where they sell all kinds of items mostly made by themselves. The funds raised go to Charities that have been previously determined.<\/p>\n<h4><strong>A gift, a smile <\/strong><strong><\/p>\n<hr \/>\n<p><\/strong><\/h4>\n<p>Campaign in which each school student brings a gift, not necessarily new but in perfect condition, wrapped and indicating what age is appropriate for. All of these gifts are given already sorted by Casa Grande de Valencia, which has been visited by the Board of the school to see how work is done there.<\/p>\n<h4><strong>Fundar Solidarity Center<\/strong><strong><\/p>\n<hr \/>\n<p><\/strong><\/h4>\n<p>Iale has been recognized as <strong>Fundar Solidarity Center<\/strong>, with the commitment to develop an annual program of support and to arrange a minimum of six volunteer-related activities, both internally and externally, and proposed by the organization. This Foundation disappeared during the 2013\/2014 school year, but we still keep the information and contacts to continue its beneficial impact in the education of our students<\/p>\n<h4><strong>&#8216;Youth with Values&#8217; Congress <\/strong><strong><\/p>\n<hr \/>\n<p><\/strong><\/h4>\n<p>Organized by LO QUE DE VERDAD IMPORTA. Every year, our Secondary School Graduates attend a Congress where they have the privilege of listening to people who have succeeded despite their troubles, getting to do something meaningful with their lives, something that is not only a benefit for them but also for the entire society. Some of the speakers were: Irene Villa, Xavi Torres, Pablo Pineda, William Rodr\u00edguez, etc.<\/p>\n<h4><strong>Dasyc Foundation <\/strong><strong><\/p>\n<hr \/>\n<p><\/strong><\/h4>\n<p>Informative talks about volunteering organized by <strong>the Dasyc Foundation <\/strong>for students in their Year 4 to 2 of HIGH SCHOOL, held in a cyclical base, where they receive first hand information about where and how they can access volunteer tasks in the Community where they live.<\/p>\n<h4><strong>Vicente Ferrer Foundation <\/strong><strong><\/p>\n<hr \/>\n<p><\/strong><\/h4>\n<p>Ialeschool has worked and continues to work actively with the Vicente Ferrer Foundation in various initiatives such as the construction of a school in Udegolam, buying bicycles for students in Anantapur, etc. These projects have many implications and also our students put into practice the financial knowledge that they have been developing for years.<\/p>\n<p>Also, Primary students carry on the program \u201cSchool to School\u201d, with which establishes contact with children from Anantapur and throughout the year several mailings are made, and aswell we receive them from the Indian school. In this way, our students learn to know different styles of life completely different to our own.<\/p>\n<h4><strong>Juegaterapia <\/strong><strong><\/p>\n<hr \/>\n<p><\/strong><\/h4>\n<p>Our school collaborates with Juegaterapia in obtaining funds for its various activities, like the construction of children playgrounds on the roofs of hospitals for hospitalized children to play during their stay.<\/p>\n","protected":false},"excerpt":{"rendered":"<p>Iale annually conducts the SOLIDARITY CAMPAIGN in which, through various activities, funds are raised to assist our Community Charitable Associations and NGOs that help the poor. During the last school years, our cooperation has been with the following Organizations: La Casa Grande de Valencia, Espurna, Casa de la Caridad de Valencia, Residencia de Ancianos de [&hellip;]<\/p>\n","protected":false},"author":9,"featured_media":0,"parent":5763,"menu_order":108,"comment_status":"closed","ping_status":"closed","template":"","meta":{"site-sidebar-layout":"default","site-content-layout":"","ast-site-content-layout":"default","site-content-style":"default","site-sidebar-style":"default","ast-global-header-display":"","ast-banner-title-visibility":"","ast-main-header-display":"","ast-hfb-above-header-display":"","ast-hfb-below-header-display":"","ast-hfb-mobile-header-display":"","site-post-title":"","ast-breadcrumbs-content":"","ast-featured-img":"","footer-sml-layout":"","ast-disable-related-posts":"","theme-transparent-header-meta":"","adv-header-id-meta":"","stick-header-meta":"","header-above-stick-meta":"","header-main-stick-meta":"","header-below-stick-meta":"","astra-migrate-meta-layouts":"default","ast-page-background-enabled":"default","ast-page-background-meta":{"desktop":{"background-color":"","background-image":"","background-repeat":"repeat","background-position":"center center","background-size":"auto","background-attachment":"scroll","background-type":"","background-media":"","overlay-type":"","overlay-color":"","overlay-opacity":"","overlay-gradient":""},"tablet":{"background-color":"","background-image":"","background-repeat":"repeat","background-position":"center center","background-size":"auto","background-attachment":"scroll","background-type":"","background-media":"","overlay-type":"","overlay-color":"","overlay-opacity":"","overlay-gradient":""},"mobile":{"background-color":"","background-image":"","background-repeat":"repeat","background-position":"center center","background-size":"auto","background-attachment":"scroll","background-type":"","background-media":"","overlay-type":"","overlay-color":"","overlay-opacity":"","overlay-gradient":""}},"ast-content-background-meta":{"desktop":{"background-color":"var(--ast-global-color-5)","background-image":"","background-repeat":"repeat","background-position":"center center","background-size":"auto","background-attachment":"scroll","background-type":"","background-media":"","overlay-type":"","overlay-color":"","overlay-opacity":"","overlay-gradient":""},"tablet":{"background-color":"var(--ast-global-color-5)","background-image":"","background-repeat":"repeat","background-position":"center center","background-size":"auto","background-attachment":"scroll","background-type":"","background-media":"","overlay-type":"","overlay-color":"","overlay-opacity":"","overlay-gradient":""},"mobile":{"background-color":"var(--ast-global-color-5)","background-image":"","background-repeat":"repeat","background-position":"center center","background-size":"auto","background-attachment":"scroll","background-type":"","background-media":"","overlay-type":"","overlay-color":"","overlay-opacity":"","overlay-gradient":""}},"footnotes":""},"class_list":["post-5759","page","type-page","status-publish","hentry"],"yoast_head":"<!-- This site is optimized with the Yoast SEO plugin v27.5 - https:\/\/yoast.com\/product\/yoast-seo-wordpress\/ -->\n<title>Solidarity and human actions performed by students of the school Iale<\/title>\n<meta name=\"description\" content=\"Iale annually conducts the SOLIDARITY CAMPAIGN in which, through various activities, funds are raised to assist our Community Charitable Associations and\" \/>\n<meta name=\"robots\" content=\"index, follow, max-snippet:-1, max-image-preview:large, max-video-preview:-1\" \/>\n<link rel=\"canonical\" href=\"https:\/\/www.ialeschool.com\/en\/iale-educational-project\/solidarity-iale\/\" \/>\n<meta property=\"og:locale\" content=\"en_US\" \/>\n<meta property=\"og:type\" content=\"article\" \/>\n<meta property=\"og:title\" content=\"Solidarity and human actions performed by students of the school Iale\" \/>\n<meta property=\"og:description\" content=\"Iale annually conducts the SOLIDARITY CAMPAIGN in which, through various activities, funds are raised to assist our Community Charitable Associations and\" \/>\n<meta property=\"og:url\" content=\"https:\/\/www.ialeschool.com\/en\/iale-educational-project\/solidarity-iale\/\" \/>\n<meta property=\"og:site_name\" content=\"Iale School\" \/>\n<meta property=\"og:image\" content=\"https:\/\/iale-elians.com\/wp-content\/uploads\/colegio-iale-fundacion-vicente-ferrer.jpg\" \/>\n<meta name=\"twitter:label1\" content=\"Est. reading time\" \/>\n\t<meta name=\"twitter:data1\" content=\"3 minutes\" \/>\n<script type=\"application\/ld+json\" class=\"yoast-schema-graph\">{\"@context\":\"https:\\\/\\\/schema.org\",\"@graph\":[{\"@type\":\"WebPage\",\"@id\":\"https:\\\/\\\/www.ialeschool.com\\\/en\\\/iale-educational-project\\\/solidarity-iale\\\/\",\"url\":\"https:\\\/\\\/www.ialeschool.com\\\/en\\\/iale-educational-project\\\/solidarity-iale\\\/\",\"name\":\"Solidarity and human actions performed by students of the school Iale\",\"isPartOf\":{\"@id\":\"https:\\\/\\\/www.ialeschool.com\\\/#website\"},\"primaryImageOfPage\":{\"@id\":\"https:\\\/\\\/www.ialeschool.com\\\/en\\\/iale-educational-project\\\/solidarity-iale\\\/#primaryimage\"},\"image\":{\"@id\":\"https:\\\/\\\/www.ialeschool.com\\\/en\\\/iale-educational-project\\\/solidarity-iale\\\/#primaryimage\"},\"thumbnailUrl\":\"https:\\\/\\\/iale-elians.com\\\/wp-content\\\/uploads\\\/colegio-iale-fundacion-vicente-ferrer.jpg\",\"datePublished\":\"2014-03-06T10:37:55+00:00\",\"description\":\"Iale annually conducts the SOLIDARITY CAMPAIGN in which, through various activities, funds are raised to assist our Community Charitable Associations and\",\"breadcrumb\":{\"@id\":\"https:\\\/\\\/www.ialeschool.com\\\/en\\\/iale-educational-project\\\/solidarity-iale\\\/#breadcrumb\"},\"inLanguage\":\"en-US\",\"potentialAction\":[{\"@type\":\"ReadAction\",\"target\":[\"https:\\\/\\\/www.ialeschool.com\\\/en\\\/iale-educational-project\\\/solidarity-iale\\\/\"]}]},{\"@type\":\"ImageObject\",\"inLanguage\":\"en-US\",\"@id\":\"https:\\\/\\\/www.ialeschool.com\\\/en\\\/iale-educational-project\\\/solidarity-iale\\\/#primaryimage\",\"url\":\"https:\\\/\\\/iale-elians.com\\\/wp-content\\\/uploads\\\/colegio-iale-fundacion-vicente-ferrer.jpg\",\"contentUrl\":\"https:\\\/\\\/iale-elians.com\\\/wp-content\\\/uploads\\\/colegio-iale-fundacion-vicente-ferrer.jpg\"},{\"@type\":\"BreadcrumbList\",\"@id\":\"https:\\\/\\\/www.ialeschool.com\\\/en\\\/iale-educational-project\\\/solidarity-iale\\\/#breadcrumb\",\"itemListElement\":[{\"@type\":\"ListItem\",\"position\":1,\"name\":\"Portada\",\"item\":\"https:\\\/\\\/www.ialeschool.com\\\/en\\\/ialeschool\\\/\"},{\"@type\":\"ListItem\",\"position\":2,\"name\":\"Educational project\",\"item\":\"https:\\\/\\\/www.ialeschool.com\\\/en\\\/iale-educational-project\\\/\"},{\"@type\":\"ListItem\",\"position\":3,\"name\":\"Solidarity at Iale School\"}]},{\"@type\":\"WebSite\",\"@id\":\"https:\\\/\\\/www.ialeschool.com\\\/#website\",\"url\":\"https:\\\/\\\/www.ialeschool.com\\\/\",\"name\":\"Iale School\",\"description\":\"Colegio privado biling\u00fce desde 1 a\u00f1o a la universidad\",\"publisher\":{\"@id\":\"https:\\\/\\\/www.ialeschool.com\\\/#organization\"},\"potentialAction\":[{\"@type\":\"SearchAction\",\"target\":{\"@type\":\"EntryPoint\",\"urlTemplate\":\"https:\\\/\\\/www.ialeschool.com\\\/?s={search_term_string}\"},\"query-input\":{\"@type\":\"PropertyValueSpecification\",\"valueRequired\":true,\"valueName\":\"search_term_string\"}}],\"inLanguage\":\"en-US\"},{\"@type\":\"Organization\",\"@id\":\"https:\\\/\\\/www.ialeschool.com\\\/#organization\",\"name\":\"Iale International School\",\"url\":\"https:\\\/\\\/www.ialeschool.com\\\/\",\"logo\":{\"@type\":\"ImageObject\",\"inLanguage\":\"en-US\",\"@id\":\"https:\\\/\\\/www.ialeschool.com\\\/#\\\/schema\\\/logo\\\/image\\\/\",\"url\":\"https:\\\/\\\/www.ialeschool.com\\\/wp-content\\\/uploads\\\/cropped-cropped-iale-favicon.png\",\"contentUrl\":\"https:\\\/\\\/www.ialeschool.com\\\/wp-content\\\/uploads\\\/cropped-cropped-iale-favicon.png\",\"width\":512,\"height\":276,\"caption\":\"Iale International School\"},\"image\":{\"@id\":\"https:\\\/\\\/www.ialeschool.com\\\/#\\\/schema\\\/logo\\\/image\\\/\"},\"sameAs\":[\"https:\\\/\\\/www.instagram.com\\\/iale.international.school\\\/\"]}]}<\/script>\n<!-- \/ Yoast SEO plugin. -->","yoast_head_json":{"title":"Solidarity and human actions performed by students of the school Iale","description":"Iale annually conducts the SOLIDARITY CAMPAIGN in which, through various activities, funds are raised to assist our Community Charitable Associations and","robots":{"index":"index","follow":"follow","max-snippet":"max-snippet:-1","max-image-preview":"max-image-preview:large","max-video-preview":"max-video-preview:-1"},"canonical":"https:\/\/www.ialeschool.com\/en\/iale-educational-project\/solidarity-iale\/","og_locale":"en_US","og_type":"article","og_title":"Solidarity and human actions performed by students of the school Iale","og_description":"Iale annually conducts the SOLIDARITY CAMPAIGN in which, through various activities, funds are raised to assist our Community Charitable Associations and","og_url":"https:\/\/www.ialeschool.com\/en\/iale-educational-project\/solidarity-iale\/","og_site_name":"Iale School","og_image":[{"url":"https:\/\/iale-elians.com\/wp-content\/uploads\/colegio-iale-fundacion-vicente-ferrer.jpg","type":"","width":"","height":""}],"twitter_misc":{"Est. reading time":"3 minutes"},"schema":{"@context":"https:\/\/schema.org","@graph":[{"@type":"WebPage","@id":"https:\/\/www.ialeschool.com\/en\/iale-educational-project\/solidarity-iale\/","url":"https:\/\/www.ialeschool.com\/en\/iale-educational-project\/solidarity-iale\/","name":"Solidarity and human actions performed by students of the school Iale","isPartOf":{"@id":"https:\/\/www.ialeschool.com\/#website"},"primaryImageOfPage":{"@id":"https:\/\/www.ialeschool.com\/en\/iale-educational-project\/solidarity-iale\/#primaryimage"},"image":{"@id":"https:\/\/www.ialeschool.com\/en\/iale-educational-project\/solidarity-iale\/#primaryimage"},"thumbnailUrl":"https:\/\/iale-elians.com\/wp-content\/uploads\/colegio-iale-fundacion-vicente-ferrer.jpg","datePublished":"2014-03-06T10:37:55+00:00","description":"Iale annually conducts the SOLIDARITY CAMPAIGN in which, through various activities, funds are raised to assist our Community Charitable Associations and","breadcrumb":{"@id":"https:\/\/www.ialeschool.com\/en\/iale-educational-project\/solidarity-iale\/#breadcrumb"},"inLanguage":"en-US","potentialAction":[{"@type":"ReadAction","target":["https:\/\/www.ialeschool.com\/en\/iale-educational-project\/solidarity-iale\/"]}]},{"@type":"ImageObject","inLanguage":"en-US","@id":"https:\/\/www.ialeschool.com\/en\/iale-educational-project\/solidarity-iale\/#primaryimage","url":"https:\/\/iale-elians.com\/wp-content\/uploads\/colegio-iale-fundacion-vicente-ferrer.jpg","contentUrl":"https:\/\/iale-elians.com\/wp-content\/uploads\/colegio-iale-fundacion-vicente-ferrer.jpg"},{"@type":"BreadcrumbList","@id":"https:\/\/www.ialeschool.com\/en\/iale-educational-project\/solidarity-iale\/#breadcrumb","itemListElement":[{"@type":"ListItem","position":1,"name":"Portada","item":"https:\/\/www.ialeschool.com\/en\/ialeschool\/"},{"@type":"ListItem","position":2,"name":"Educational project","item":"https:\/\/www.ialeschool.com\/en\/iale-educational-project\/"},{"@type":"ListItem","position":3,"name":"Solidarity at Iale School"}]},{"@type":"WebSite","@id":"https:\/\/www.ialeschool.com\/#website","url":"https:\/\/www.ialeschool.com\/","name":"Iale School","description":"Colegio privado biling\u00fce desde 1 a\u00f1o a la universidad","publisher":{"@id":"https:\/\/www.ialeschool.com\/#organization"},"potentialAction":[{"@type":"SearchAction","target":{"@type":"EntryPoint","urlTemplate":"https:\/\/www.ialeschool.com\/?s={search_term_string}"},"query-input":{"@type":"PropertyValueSpecification","valueRequired":true,"valueName":"search_term_string"}}],"inLanguage":"en-US"},{"@type":"Organization","@id":"https:\/\/www.ialeschool.com\/#organization","name":"Iale International School","url":"https:\/\/www.ialeschool.com\/","logo":{"@type":"ImageObject","inLanguage":"en-US","@id":"https:\/\/www.ialeschool.com\/#\/schema\/logo\/image\/","url":"https:\/\/www.ialeschool.com\/wp-content\/uploads\/cropped-cropped-iale-favicon.png","contentUrl":"https:\/\/www.ialeschool.com\/wp-content\/uploads\/cropped-cropped-iale-favicon.png","width":512,"height":276,"caption":"Iale International School"},"image":{"@id":"https:\/\/www.ialeschool.com\/#\/schema\/logo\/image\/"},"sameAs":["https:\/\/www.instagram.com\/iale.international.school\/"]}]}},"_links":{"self":[{"href":"https:\/\/www.ialeschool.com\/en\/wp-json\/wp\/v2\/pages\/5759","targetHints":{"allow":["GET"]}}],"collection":[{"href":"https:\/\/www.ialeschool.com\/en\/wp-json\/wp\/v2\/pages"}],"about":[{"href":"https:\/\/www.ialeschool.com\/en\/wp-json\/wp\/v2\/types\/page"}],"author":[{"embeddable":true,"href":"https:\/\/www.ialeschool.com\/en\/wp-json\/wp\/v2\/users\/9"}],"replies":[{"embeddable":true,"href":"https:\/\/www.ialeschool.com\/en\/wp-json\/wp\/v2\/comments?post=5759"}],"version-history":[{"count":0,"href":"https:\/\/www.ialeschool.com\/en\/wp-json\/wp\/v2\/pages\/5759\/revisions"}],"up":[{"embeddable":true,"href":"https:\/\/www.ialeschool.com\/en\/wp-json\/wp\/v2\/pages\/5763"}],"wp:attachment":[{"href":"https:\/\/www.ialeschool.com\/en\/wp-json\/wp\/v2\/media?parent=5759"}],"curies":[{"name":"wp","href":"https:\/\/api.w.org\/{rel}","templated":true}]}}